{"id":45,"date":"2026-05-13T09:55:56","date_gmt":"2026-05-13T09:55:56","guid":{"rendered":"https:\/\/www.mowiti.com\/mwt\/services\/"},"modified":"2026-05-15T10:26:37","modified_gmt":"2026-05-15T10:26:37","slug":"services","status":"publish","type":"page","link":"https:\/\/www.mowiti.com\/mwt\/services\/","title":{"rendered":"Expedi\u021bii \u0219i \u00eenchirieri"},"content":{"rendered":"\n\n\n\n\n\n\n<h2>Come fish with us. We catch them for you<\/h2>\n\n\n\n\n\n\n\n\n\n\n\n<h2>We Hook You Up<\/h2>\n\n\n\n<h2>Discover Expert Advice and Stories Here<\/h2>\n\n\n\n<h2>Cast your curiosity and reel in expert advice, pro tips, and real stories from passionate anglers around the world. From mastering new techniques to exploring the best fishing spots, our community keeps you inspired and ready for your next big catch.<\/h2>\n\n\n\n\nFishing Boards\n\n\n\nBass Fishing\n\n\n\nBest Carbon Reels\n\n\n\n\n\nFishing Gear\n\n\n\nFishing Boards\n\n\n\nBest Carbon Reels\n\n\n\n\n\n\n\n\n<h2>Expedi\u021biile noastre<\/h2>\n\n\n\n<h2>Descoper\u0103 s\u0103lb\u0103ticia \u00een ritmul naturii<\/h2>\n\n\n\n<h2>Delta nu se viziteaz\u0103, se tr\u0103ie\u0219te. Te invit\u0103m s\u0103 la\u0219i \u00een urm\u0103 zgomotul ora\u0219ului \u0219i s\u0103 aluneci pe canale ascunse, acolo unde doar caiacul poate ajunge. Alege expedi\u021bia care \u021bi se potrive\u0219te \u0219i preg\u0103te\u0219te-te pentru o experien\u021b\u0103 autentic\u0103 de\u00a0<em>slow travel<\/em>.<\/h2>\n\n\n\n\n\n<strong>Delta Compact<br><\/strong><br>Cei care vor o evadare rapid\u0103, dar intens\u0103, pe canalele din apropierea Tulcei \u0219i a Mahmudiei.\n\n\n\n\n\n<strong>Inima Biosferei<br><\/strong><br>Exploratori care caut\u0103 echilibrul perfect \u00eentre efort fizic \u0219i relaxare \u00een natur\u0103.\n\n\n\n\n\n<strong>Marea Aventur\u0103<br><\/strong><br>Pasiona\u021bii de nomadism care vor s\u0103 traverseze Delta p\u00e2n\u0103 la v\u0103rsarea \u00een mare.\n\n\n\n\n\n\n\n<h2>De ce s\u0103 alegi o expedi\u021bie cu noi?<\/h2>\n\n\n\n<h2><strong>Experien\u021b\u0103 logistic\u0103 pentru aventuri f\u0103r\u0103 griji<\/strong><\/h2>\n\n\n\n\n\n\n\n<p><span style=\"color:#444444;\">Caiace stabile, ergonomice \u0219i accesorii de siguran\u021b\u0103.<\/span> Caiace construite manual din  lemn \u0219i fibr\u0103 de sticl\u0103 care vor \u00eentoarce \u00eentotdeauna privirile celorlal\u021bi turi\u0219ti.<br><br><\/p>\n\n\n\n\n\n<p>Ne ocup\u0103m de transferuri, depozitarea bagajelor, suport tehnic pe tot parcursul traseului,<br>\u00eenso\u021bitori pasiona\u021bi care cunosc fiecare cotlon al stufului \u0219i istoria locului.<\/p>\n\n\n\n<p><\/p>\n\n\n\n\n\n<p><span style=\"color:#444444;\">Promov\u0103m un turism sustenabil, cu impact zero asupra ecosistemului.<\/span><\/p>\n\n\n\n\n\n\n\n<h1><strong>E\u0219ti gata de aventur\u0103?<\/strong><\/h1>\n\n\n\n<h1>Fie c\u0103 vrei s\u0103 \u00eenchiriezi un caiac pentru o tur\u0103 solo sau s\u0103 te al\u0103turi grupului nostru \u00een urm\u0103toarea expedi\u021bie, suntem aici s\u0103 \u00ee\u021bi preg\u0103tim lansarea la ap\u0103.<\/h1>\n\n\n\n\n\n\n\n\n\n\n\n\n\n\n\n\n\n\n\n\n\n\n\n\n\n\n\n\n\n\n","protected":false},"excerpt":{"rendered":"","protected":false},"author":1,"featured_media":0,"parent":0,"menu_order":0,"comment_status":"closed","ping_status":"closed","template":"","meta":{"pagelayer_contact_templates":[],"_pagelayer_content":"","footnotes":""},"class_list":["post-45","page","type-page","status-publish","hentry"],"_links":{"self":[{"href":"https:\/\/www.mowiti.com\/mwt\/wp-json\/wp\/v2\/pages\/45","targetHints":{"allow":["GET"]}}],"collection":[{"href":"https:\/\/www.mowiti.com\/mwt\/wp-json\/wp\/v2\/pages"}],"about":[{"href":"https:\/\/www.mowiti.com\/mwt\/wp-json\/wp\/v2\/types\/page"}],"author":[{"embeddable":true,"href":"https:\/\/www.mowiti.com\/mwt\/wp-json\/wp\/v2\/users\/1"}],"replies":[{"embeddable":true,"href":"https:\/\/www.mowiti.com\/mwt\/wp-json\/wp\/v2\/comments?post=45"}],"version-history":[{"count":3,"href":"https:\/\/www.mowiti.com\/mwt\/wp-json\/wp\/v2\/pages\/45\/revisions"}],"predecessor-version":[{"id":63,"href":"https:\/\/www.mowiti.com\/mwt\/wp-json\/wp\/v2\/pages\/45\/revisions\/63"}],"wp:attachment":[{"href":"https:\/\/www.mowiti.com\/mwt\/wp-json\/wp\/v2\/media?parent=45"}],"curies":[{"name":"wp","href":"https:\/\/api.w.org\/{rel}","templated":true}]}}